{"id":29,"date":"2021-06-09T10:34:17","date_gmt":"2021-06-09T10:34:17","guid":{"rendered":"https:\/\/salonkorjaamo.fi\/?page_id=29"},"modified":"2021-06-09T10:34:17","modified_gmt":"2021-06-09T10:34:17","slug":"rekisteriseloste","status":"publish","type":"page","link":"https:\/\/salonkorjaamo.fi\/index.php\/rekisteriseloste\/","title":{"rendered":"Rekisteriseloste"},"content":{"rendered":"\n<ol class=\"wp-block-list\"><li>Rekisterinpit\u00e4j\u00e4<\/li><\/ol>\n\n\n\n<p>Salon Korjaamo Oy<br>K\u00e4kel\u00e4nraitti 2 A<br>16300 ORIMATTILA<\/p>\n\n\n\n<p>Y-tunnus: 0755953-6<br>Puh: 03-7771244<\/p>\n\n\n\n<ol class=\"wp-block-list\" start=\"2\"><li>Rekisteriasiat<\/li><\/ol>\n\n\n\n<p>Asiakaspalvelumme vastaa rekisteri\u00e4 koskeviin kysymyksiin ja palautteisiin mahdollisimman nopeasti.<\/p>\n\n\n\n<ol class=\"wp-block-list\" start=\"3\"><li>Rekisterin nimi<\/li><\/ol>\n\n\n\n<p>Salon Korjaamo Oy:n asiakas-, markkinointi- ja ajankohtaiskirjeen tilanneiden rekisteri.<\/p>\n\n\n\n<ol class=\"wp-block-list\" start=\"4\"><li>Henkil\u00f6tietojen k\u00e4sittelyn tarkoitus<\/li><\/ol>\n\n\n\n<p>K\u00e4sittelyn tarkoituksena on asiakassuhteen hoitaminen, asiakkaan ja rekisterinpit\u00e4j\u00e4n oikeuksien ja velvollisuuksien toteuttaminen sek\u00e4 henkil\u00f6tietolain mukainen henkil\u00f6tietojen k\u00e4sittely verkkopalveluihin liittyviin tarkoituksiin, tutkimustoimintaan, rekisterinpit\u00e4j\u00e4n ja\/tai sen yhteisty\u00f6kumppaneiden mainonnan ja\/tai suoramarkkinoinnin suuntaaminen asiakastietojen perusteella rekisterinpit\u00e4j\u00e4n viestimien ja palvelujen kautta luovuttamatta henkil\u00f6tietoja ulkopuoliselle taholle.<\/p>\n\n\n\n<ol class=\"wp-block-list\" start=\"5\"><li>Rekisterin tietosis\u00e4lt\u00f6<\/li><\/ol>\n\n\n\n<p>Rekisteri voi sis\u00e4lt\u00e4\u00e4 seuraavia tietoja asiakkaista:<\/p>\n\n\n\n<p>Nimi<br>S\u00e4hk\u00f6postiosoite<br>Matka- ja\/tai muu puhelinnumero<br>Organisaatio ja asema<br>Organisaation osoitetiedot<br>Yhteysloki<\/p>\n\n\n\n<ol class=\"wp-block-list\" start=\"6\"><li>Rekisterin s\u00e4\u00e4nn\u00f6nmukaiset tietol\u00e4hteet<\/li><\/ol>\n\n\n\n<p>Rekisteri koostetaan rekisterinpit\u00e4j\u00e4n asiakastietoj\u00e4rjestelm\u00e4st\u00e4, yleisesti saatavilla olevista internetl\u00e4hteist\u00e4, sek\u00e4 mahdollisista muista julkisista l\u00e4hteist\u00e4. P\u00e4\u00e4s\u00e4\u00e4nt\u00f6isesti osoitel\u00e4hteet on eritelty mik\u00e4li ne ovat muita kuin ensiksi mainittuja.<\/p>\n\n\n\n<ol class=\"wp-block-list\" start=\"7\"><li>S\u00e4\u00e4nn\u00f6nmukaiset tietojen luovutukset<\/li><\/ol>\n\n\n\n<p>Rekisterinpit\u00e4j\u00e4 ei luovuta asiakkaiden henkil\u00f6tietoja ulkopuolisille, paitsi Suomen viranomaistoimien niin edellytt\u00e4ess\u00e4.<\/p>\n\n\n\n<ol class=\"wp-block-list\" start=\"8\"><li>Tietojen poistaminen<\/li><\/ol>\n\n\n\n<p>Tietoja voidaan poistaa henkil\u00f6n vaatimuksesta tai asiakassuhteen loppumisen vuoksi.<\/p>\n\n\n\n<ol class=\"wp-block-list\" start=\"9\"><li>Rekisterin suojauksen periaatteet<\/li><\/ol>\n\n\n\n<p>Henkil\u00f6tiedot s\u00e4ilytet\u00e4\u00e4n luottamuksellisina. Rekisterinpit\u00e4j\u00e4n ja sen mahdollisten tietotekniikkakumppanien tietoverkko ja laitteisto, jolla rekisteri sijaitsee, on suojattu palomuurilla ja muilla tarvittavilla teknisill\u00e4 toimenpiteill\u00e4.<\/p>\n","protected":false},"excerpt":{"rendered":"<p>Rekisterinpit\u00e4j\u00e4 Salon Korjaamo OyK\u00e4kel\u00e4nraitti 2 A16300 ORIMATTILA Y-tunnus: 0755953-6Puh: 03-7771244 Rekisteriasiat Asiakaspalvelumme [&hellip;]<\/p>\n","protected":false},"author":1,"featured_media":0,"parent":0,"menu_order":0,"comment_status":"closed","ping_status":"closed","template":"","meta":{"footnotes":""},"class_list":["post-29","page","type-page","status-publish","hentry"],"_links":{"self":[{"href":"https:\/\/salonkorjaamo.fi\/index.php\/wp-json\/wp\/v2\/pages\/29","targetHints":{"allow":["GET"]}}],"collection":[{"href":"https:\/\/salonkorjaamo.fi\/index.php\/wp-json\/wp\/v2\/pages"}],"about":[{"href":"https:\/\/salonkorjaamo.fi\/index.php\/wp-json\/wp\/v2\/types\/page"}],"author":[{"embeddable":true,"href":"https:\/\/salonkorjaamo.fi\/index.php\/wp-json\/wp\/v2\/users\/1"}],"replies":[{"embeddable":true,"href":"https:\/\/salonkorjaamo.fi\/index.php\/wp-json\/wp\/v2\/comments?post=29"}],"version-history":[{"count":1,"href":"https:\/\/salonkorjaamo.fi\/index.php\/wp-json\/wp\/v2\/pages\/29\/revisions"}],"predecessor-version":[{"id":30,"href":"https:\/\/salonkorjaamo.fi\/index.php\/wp-json\/wp\/v2\/pages\/29\/revisions\/30"}],"wp:attachment":[{"href":"https:\/\/salonkorjaamo.fi\/index.php\/wp-json\/wp\/v2\/media?parent=29"}],"curies":[{"name":"wp","href":"https:\/\/api.w.org\/{rel}","templated":true}]}}