{"id":11,"date":"2021-06-09T09:39:27","date_gmt":"2021-06-09T09:39:27","guid":{"rendered":"https:\/\/salonkorjaamo.fi\/?page_id=11"},"modified":"2021-06-09T10:48:12","modified_gmt":"2021-06-09T10:48:12","slug":"salon-korjaamo","status":"publish","type":"page","link":"https:\/\/salonkorjaamo.fi\/","title":{"rendered":"Salon Korjaamo Oy"},"content":{"rendered":"\n<p>Pesulinja avoinna 24\/7  |  TI-Halli   |  Hinausp\u00e4ivystys 24\/7 Soita 0400 483 045 | Aukioloajat: Ma-Pe klo 8.00 &#8211; 17.00<\/p>\n\n\n\n<p>Salon Korjaamo Oy korjaa ja huoltaa erimerkkisi\u00e4 henkil\u00f6- ja pakettiautoja vankalla 15-25 vuoden ty\u00f6kokemuksella.<br>Meilt\u00e4 saat luotettavasti katsastuspalvelut, pakokaasumittaukset, jarrutestit, m\u00e4\u00e4r\u00e4aikaishuollot, auton pesun- ja ym. huoltopalvelut. Lis\u00e4ksi hinauspalvelu toimii 24 h vuorokaudessa. Romuautojen vastaanottopiste.<br>Tee se itse -hallissamme voit my\u00f6s itse huoltaa, pest\u00e4, imuroida ja muuten fiksata omaa autoasi. K\u00e4yt\u00f6ss\u00e4si on nosturi, painepesuri ja imuri sis\u00e4tilojen imurointiin.<\/p>\n\n\n\n<figure class=\"wp-block-image size-large is-style-default\"><img loading=\"lazy\" decoding=\"async\" width=\"960\" height=\"350\" src=\"https:\/\/salonkorjaamo.fi\/wp-content\/uploads\/2021\/06\/banner.jpg\" alt=\"\" class=\"wp-image-20\" srcset=\"https:\/\/salonkorjaamo.fi\/wp-content\/uploads\/2021\/06\/banner.jpg 960w, https:\/\/salonkorjaamo.fi\/wp-content\/uploads\/2021\/06\/banner-300x109.jpg 300w, https:\/\/salonkorjaamo.fi\/wp-content\/uploads\/2021\/06\/banner-768x280.jpg 768w\" sizes=\"auto, (max-width: 960px) 100vw, 960px\" \/><\/figure>\n\n\n\n<p><\/p>\n","protected":false},"excerpt":{"rendered":"<p>Pesulinja avoinna 24\/7 | TI-Halli | Hinausp\u00e4ivystys 24\/7 Soita 0400 483 045 [&hellip;]<\/p>\n","protected":false},"author":1,"featured_media":0,"parent":0,"menu_order":0,"comment_status":"closed","ping_status":"closed","template":"","meta":{"footnotes":""},"class_list":["post-11","page","type-page","status-publish","hentry"],"_links":{"self":[{"href":"https:\/\/salonkorjaamo.fi\/index.php\/wp-json\/wp\/v2\/pages\/11","targetHints":{"allow":["GET"]}}],"collection":[{"href":"https:\/\/salonkorjaamo.fi\/index.php\/wp-json\/wp\/v2\/pages"}],"about":[{"href":"https:\/\/salonkorjaamo.fi\/index.php\/wp-json\/wp\/v2\/types\/page"}],"author":[{"embeddable":true,"href":"https:\/\/salonkorjaamo.fi\/index.php\/wp-json\/wp\/v2\/users\/1"}],"replies":[{"embeddable":true,"href":"https:\/\/salonkorjaamo.fi\/index.php\/wp-json\/wp\/v2\/comments?post=11"}],"version-history":[{"count":10,"href":"https:\/\/salonkorjaamo.fi\/index.php\/wp-json\/wp\/v2\/pages\/11\/revisions"}],"predecessor-version":[{"id":42,"href":"https:\/\/salonkorjaamo.fi\/index.php\/wp-json\/wp\/v2\/pages\/11\/revisions\/42"}],"wp:attachment":[{"href":"https:\/\/salonkorjaamo.fi\/index.php\/wp-json\/wp\/v2\/media?parent=11"}],"curies":[{"name":"wp","href":"https:\/\/api.w.org\/{rel}","templated":true}]}}